{"id":6316,"date":"2024-01-04T13:02:56","date_gmt":"2024-01-04T17:02:56","guid":{"rendered":"https:\/\/clientescadabra.com.br\/roambackv3\/product\/asia\/"},"modified":"2024-03-04T17:24:35","modified_gmt":"2024-03-04T21:24:35","slug":"asia","status":"publish","type":"product","link":"https:\/\/clientescadabra.com.br\/roambackv3\/pt-br\/Produto\/asia\/","title":{"rendered":"\u00c1SIA"},"content":{"rendered":"\t\t<div data-elementor-type=\"wp-post\" data-elementor-id=\"6316\" class=\"elementor elementor-6316 elementor-3475\">\n\t\t\t\t\t\t<section class=\"elementor-section elementor-top-section elementor-element elementor-element-479f5f71 elementor-section-boxed elementor-section-height-default elementor-section-height-default\" data-id=\"479f5f71\" data-element_type=\"section\">\n\t\t\t\t\t\t<div class=\"elementor-container elementor-column-gap-default\">\n\t\t\t\t\t<div class=\"elementor-column elementor-col-100 elementor-top-column elementor-element elementor-element-10143974\" data-id=\"10143974\" data-element_type=\"column\">\n\t\t\t<div class=\"elementor-widget-wrap elementor-element-populated\">\n\t\t\t\t\t\t<div class=\"elementor-element elementor-element-3acf716a elementor-widget elementor-widget-text-editor\" data-id=\"3acf716a\" data-element_type=\"widget\" data-widget_type=\"text-editor.default\">\n\t\t\t\t<div class=\"elementor-widget-container\">\n\t\t\t<style>\/*! elementor - v3.23.0 - 05-08-2024 *\/\n.elementor-widget-text-editor.elementor-drop-cap-view-stacked .elementor-drop-cap{background-color:#69727d;color:#fff}.elementor-widget-text-editor.elementor-drop-cap-view-framed .elementor-drop-cap{color:#69727d;border:3px solid;background-color:transparent}.elementor-widget-text-editor:not(.elementor-drop-cap-view-default) .elementor-drop-cap{margin-top:8px}.elementor-widget-text-editor:not(.elementor-drop-cap-view-default) .elementor-drop-cap-letter{width:1em;height:1em}.elementor-widget-text-editor .elementor-drop-cap{float:left;text-align:center;line-height:1;font-size:50px}.elementor-widget-text-editor .elementor-drop-cap-letter{display:inline-block}<\/style>\t\t\t\t<ul>\n<li>Verifique se o seu dispositivo \u00e9 compat\u00edvel com a tecnologia eSIM.<\/li>\n<li>Aproveite sua viagem com dados ilimitados.<\/li>\n<li>Receba seu c\u00f3digo QR e conecte-se instantaneamente.<\/li>\n<li>F\u00e1cil de configurar. N\u00e3o h\u00e1 registros ou assinaturas.<\/li>\n<li>Mantenha seu n\u00famero de WhatsApp em seu celular.<\/li>\n<li>Conecte-se \u00e0s melhores redes.<\/li>\n<li>Esque\u00e7a o roaming e a busca por redes WiFi p\u00fablicas.<\/li>\n<\/ul>\n\t\t\t\t\t\t<\/div>\n\t\t\t\t<\/div>\n\t\t\t\t\t<\/div>\n\t\t<\/div>\n\t\t\t\t\t<\/div>\n\t\t<\/section>\n\t\t\t\t<\/div>\n\t\t","protected":false},"excerpt":{"rendered":"<p>Verifique se o seu dispositivo \u00e9 compat\u00edvel com a tecnologia eSIM. Aproveite sua viagem com dados ilimitados. Receba seu c\u00f3digo QR e conecte-se instantaneamente. F\u00e1cil de configurar. N\u00e3o h\u00e1 registros<\/p>\n","protected":false},"featured_media":4817,"template":"","meta":{"om_disable_all_campaigns":false,"_monsterinsights_skip_tracking":false,"_monsterinsights_sitenote_active":false,"_monsterinsights_sitenote_note":"","_monsterinsights_sitenote_category":0},"product_cat":[127],"product_tag":[],"class_list":{"0":"post-6316","1":"product","2":"type-product","3":"status-publish","4":"has-post-thumbnail","6":"product_cat-regional-pt-br","8":"first","9":"instock","10":"featured","11":"shipping-taxable","12":"purchasable","13":"product-type-variable"},"aioseo_notices":[],"_links":{"self":[{"href":"https:\/\/clientescadabra.com.br\/roambackv3\/pt-br\/wp-json\/wp\/v2\/product\/6316"}],"collection":[{"href":"https:\/\/clientescadabra.com.br\/roambackv3\/pt-br\/wp-json\/wp\/v2\/product"}],"about":[{"href":"https:\/\/clientescadabra.com.br\/roambackv3\/pt-br\/wp-json\/wp\/v2\/types\/product"}],"version-history":[{"count":1,"href":"https:\/\/clientescadabra.com.br\/roambackv3\/pt-br\/wp-json\/wp\/v2\/product\/6316\/revisions"}],"predecessor-version":[{"id":6326,"href":"https:\/\/clientescadabra.com.br\/roambackv3\/pt-br\/wp-json\/wp\/v2\/product\/6316\/revisions\/6326"}],"wp:featuredmedia":[{"embeddable":true,"href":"https:\/\/clientescadabra.com.br\/roambackv3\/pt-br\/wp-json\/wp\/v2\/media\/4817"}],"wp:attachment":[{"href":"https:\/\/clientescadabra.com.br\/roambackv3\/pt-br\/wp-json\/wp\/v2\/media?parent=6316"}],"wp:term":[{"taxonomy":"product_cat","embeddable":true,"href":"https:\/\/clientescadabra.com.br\/roambackv3\/pt-br\/wp-json\/wp\/v2\/product_cat?post=6316"},{"taxonomy":"product_tag","embeddable":true,"href":"https:\/\/clientescadabra.com.br\/roambackv3\/pt-br\/wp-json\/wp\/v2\/product_tag?post=6316"}],"curies":[{"name":"wp","href":"https:\/\/api.w.org\/{rel}","templated":true}]}}