{"id":9986,"date":"2024-05-31T16:06:56","date_gmt":"2024-05-31T20:06:56","guid":{"rendered":"https:\/\/clientescadabra.com.br\/roambackv3\/?page_id=9986"},"modified":"2024-07-02T12:54:25","modified_gmt":"2024-07-02T16:54:25","slug":"affiliate-terms-of-use","status":"publish","type":"page","link":"https:\/\/clientescadabra.com.br\/roambackv3\/pt-br\/affiliate-terms-of-use\/","title":{"rendered":"Termos de Uso do Afiliado"},"content":{"rendered":"\n<p>Como um afiliado autorizado (Afiliado) da ROAM.NET, voc\u00ea concorda em seguir os termos e condi\u00e7\u00f5es contidos neste Acordo (Acordo). Por favor, leia todo o Acordo cuidadosamente antes de se registrar e promover a ROAM.NET como um Afiliado.<\/p>\n\n\n\n<p>Sua participa\u00e7\u00e3o no Programa \u00e9 exclusivamente para anunciar legalmente nosso site e receber uma comiss\u00e3o sobre as ades\u00f5es e produtos comprados por indiv\u00edduos indicados \u00e0 ROAM.NET pelo seu pr\u00f3prio site ou por refer\u00eancias pessoais.<\/p>\n\n\n\n<p>Ao se inscrever no Programa de Afiliados da ROAM.NET (Programa), voc\u00ea indica sua aceita\u00e7\u00e3o deste Acordo e de seus termos e condi\u00e7\u00f5es.<\/p>\n\n\n\n<h2 class=\"wp-block-heading\" id=\"approval-or-rejection\">Aprova\u00e7\u00e3o ou Rejei\u00e7\u00e3o da Inscri\u00e7\u00e3o<\/h2>\n\n\n\n<p>Reservamo-nos o direito de aprovar ou rejeitar QUALQUER Inscri\u00e7\u00e3o no Programa de Afiliados a nosso exclusivo e absoluto crit\u00e9rio. Voc\u00ea n\u00e3o ter\u00e1 nenhum recurso legal contra n\u00f3s pela rejei\u00e7\u00e3o de sua Inscri\u00e7\u00e3o no Programa de Afiliados.<\/p>\n\n\n\n<h2 class=\"wp-block-heading\" id=\"commissions\">Comiss\u00f5es<\/h2>\n\n\n\n<p>As comiss\u00f5es ser\u00e3o pagas uma vez por m\u00eas. Para que um Afiliado receba uma comiss\u00e3o, a conta indicada deve permanecer ativa por um m\u00ednimo de 31 dias.<\/p>\n\n\n\n<p>Voc\u00ea n\u00e3o pode se referir a si mesmo e n\u00e3o receber\u00e1 comiss\u00e3o sobre suas pr\u00f3prias contas.<\/p>\n\n\n\n<p>Os pagamentos ser\u00e3o enviados apenas para transa\u00e7\u00f5es que tenham sido conclu\u00eddas com sucesso. Transa\u00e7\u00f5es que resultem em estornos ou reembolsos n\u00e3o ser\u00e3o pagas.<\/p>\n\n\n\n<h2 class=\"wp-block-heading\" id=\"termination\">Rescis\u00e3o<\/h2>\n\n\n\n<p>Sua inscri\u00e7\u00e3o como afiliado e seu status no Programa podem ser suspensos ou encerrados por qualquer um dos seguintes motivos:<\/p>\n\n\n\n<ul class=\"wp-block-list\">\n<li>An\u00fancios inadequados (declara\u00e7\u00f5es falsas, hiperlinks enganosos, etc.).<\/li>\n\n\n\n<li>Spamming (envio massivo de e-mails, postagens massivas em grupos de discuss\u00e3o, etc.).<\/li>\n\n\n\n<li>Anunciar em sites que contenham ou promovam atividades ilegais.<\/li>\n\n\n\n<li>Falha em divulgar a rela\u00e7\u00e3o de afiliado para qualquer promo\u00e7\u00e3o que se qualifique como endosso de acordo com as diretrizes e regulamentos da Federal Trade Commission ou qualquer legisla\u00e7\u00e3o estadual aplic\u00e1vel.<\/li>\n\n\n\n<li>Viola\u00e7\u00e3o de direitos de propriedade intelectual. A ROAM.NET reserva-se o direito de exigir acordos de licen\u00e7a daqueles que empregam marcas registradas da ROAM.NET para proteger nossos direitos de propriedade intelectual.<\/li>\n\n\n\n<li>Oferecer reembolsos, cupons ou outras formas de incentivos prometidos com sua comiss\u00e3o de afiliado. No entanto, adicionar b\u00f4nus ou agrupar outros produtos com a ROAM.NET \u00e9 aceit\u00e1vel.<\/li>\n\n\n\n<li>Auto-refer\u00eancias, transa\u00e7\u00f5es fraudulentas, suspeita de fraude do Afiliado.<\/li>\n<\/ul>\n\n\n\n<p>Al\u00e9m do exposto acima, a ROAM.NET reserva-se o direito de encerrar qualquer conta de Afiliado a qualquer momento, por qualquer viola\u00e7\u00e3o deste Acordo ou sem motivo.<\/p>\n\n\n\n<h2 class=\"wp-block-heading\" id=\"affiliate-links\">Links de Afiliados<\/h2>\n\n\n\n<p>Voc\u00ea pode usar links gr\u00e1ficos e de texto tanto no seu site quanto em suas mensagens de e-mail. Voc\u00ea tamb\u00e9m pode anunciar o site da ROAM.NET em an\u00fancios classificados online e offline, revistas e jornais.<\/p>\n\n\n\n<p>Voc\u00ea pode usar os gr\u00e1ficos e textos fornecidos por n\u00f3s, ou pode criar os seus pr\u00f3prios, desde que sejam considerados apropriados de acordo com as condi\u00e7\u00f5es e n\u00e3o violem as disposi\u00e7\u00f5es descritas na se\u00e7\u00e3o de Rescis\u00e3o.<\/p>\n\n\n\n<h2 class=\"wp-block-heading\" id=\"coupon-and-deal-sites\">Sites de Cupons e Ofertas<\/h2>\n\n\n\n<p>A ROAM.NET ocasionalmente oferece cupons a afiliados selecionados e aos nossos assinantes de boletins informativos. Se voc\u00ea n\u00e3o for pr\u00e9-aprovado \/ designado um cupom de marca, n\u00e3o ter\u00e1 permiss\u00e3o para promover o cupom. Abaixo est\u00e3o os termos que se aplicam a qualquer afiliado que esteja considerando a promo\u00e7\u00e3o de nossos produtos em rela\u00e7\u00e3o a uma oferta ou cupom:<\/p>\n\n\n\n<ul class=\"wp-block-list\">\n<li>Afiliados n\u00e3o podem usar texto enganoso em links de afiliados, bot\u00f5es ou imagens para insinuar que h\u00e1 ofertas al\u00e9m das atualmente autorizadas para o afiliado espec\u00edfico.<\/li>\n\n\n\n<li>Afiliados n\u00e3o podem fazer lances em Cupons ROAM.NET, Descontos ROAM.NET ou outras frases que insinuem que cupons est\u00e3o dispon\u00edveis.<\/li>\n\n\n\n<li>Afiliados n\u00e3o podem gerar pop-ups, pop-unders, iframes, frames ou qualquer outra a\u00e7\u00e3o vis\u00edvel ou invis\u00edvel que configure cookies de afiliado, a menos que o usu\u00e1rio tenha manifestado um interesse claro e expl\u00edcito em ativar uma economia espec\u00edfica clicando em um link, bot\u00e3o ou imagem claramente marcado para aquele cupom ou oferta em particular. Seu link deve enviar o visitante para o site do comerciante.<\/li>\n\n\n\n<li>O usu\u00e1rio deve ser capaz de ver as informa\u00e7\u00f5es e detalhes do cupom\/oferta\/economias antes que um cookie de afiliado seja configurado (ou seja, &#8220;clique aqui para ver cupons e abrir uma janela para o site do comerciante&#8221; N\u00c3O \u00e9 permitido).<\/li>\n\n\n\n<li>Sites de afiliados n\u00e3o podem ter &#8220;Clique para (ou para ver) Oferta\/Cupom&#8221; ou qualquer varia\u00e7\u00e3o, quando n\u00e3o h\u00e1 cupons ou ofertas dispon\u00edveis, e o clique abre o site do comerciante ou configura um cookie. Afiliados com tal texto na p\u00e1gina de destino do comerciante ser\u00e3o removidos do programa imediatamente.<\/li>\n<\/ul>\n\n\n\n<h2 class=\"wp-block-heading\" id=\"ppc-policy\">Pol\u00edtica de Pay Per Click (PPC)<\/h2>\n\n\n\n<p>Lances PPC N\u00c3O s\u00e3o permitidos sem permiss\u00e3o pr\u00e9via por escrito.<\/p>\n\n\n\n<h2 class=\"wp-block-heading\" id=\"liability\">Responsabilidade<\/h2>\n\n\n\n<p>A ROAM.NET n\u00e3o ser\u00e1 respons\u00e1vel por danos indiretos ou acidentais (perda de receita, comiss\u00f5es) devido a falhas de rastreamento de afiliados, perda de arquivos de banco de dados ou quaisquer resultados de inten\u00e7\u00f5es de prejudicar o Programa e\/ou nosso(s) site(s).<\/p>\n\n\n\n<p>N\u00e3o fazemos quaisquer garantias expressas ou impl\u00edcitas com rela\u00e7\u00e3o ao Programa e\/ou \u00e0s ades\u00f5es ou produtos vendidos pela ROAM.NET. N\u00e3o fazemos nenhuma alega\u00e7\u00e3o de que a opera\u00e7\u00e3o do Programa e\/ou nosso(s) site(s) ser\u00e1 livre de erros e n\u00e3o seremos respons\u00e1veis por quaisquer interrup\u00e7\u00f5es ou erros.<\/p>\n\n\n\n<h2 class=\"wp-block-heading\" id=\"term-of-agreement\">Prazo do Acordo<\/h2>\n\n\n\n<p>O prazo deste Acordo come\u00e7a com a sua aceita\u00e7\u00e3o no Programa e terminar\u00e1 quando sua conta de Afiliado for encerrada.<\/p>\n\n\n\n<p>Os termos e condi\u00e7\u00f5es deste acordo podem ser modificados por n\u00f3s a qualquer momento. Se qualquer modifica\u00e7\u00e3o nos termos e condi\u00e7\u00f5es deste Acordo for inaceit\u00e1vel para voc\u00ea, sua \u00fanica op\u00e7\u00e3o \u00e9 encerrar sua conta de Afiliado. Sua participa\u00e7\u00e3o cont\u00ednua no Programa constituir\u00e1 sua aceita\u00e7\u00e3o de qualquer altera\u00e7\u00e3o.<\/p>\n\n\n\n<h2 class=\"wp-block-heading\" id=\"indemnification\">Indeniza\u00e7\u00e3o<\/h2>\n\n\n\n<p>O Afiliado dever\u00e1 indenizar e isentar a ROAM.NET e suas empresas afiliadas e subsidi\u00e1rias, diretores, empregados, licenciados, sucessores e cession\u00e1rios, incluindo aqueles licenciados ou autorizados pela ROAM.NET para transmitir e distribuir materiais, de quaisquer e todas as responsabilidades, danos, multas, julgamentos, reclama\u00e7\u00f5es, custos, perdas e despesas (incluindo honor\u00e1rios advocat\u00edcios razo\u00e1veis e custos) decorrentes ou relacionados a quaisquer e todas as reclama\u00e7\u00f5es sustentadas em conex\u00e3o com este Acordo devido \u00e0 neglig\u00eancia, deturpa\u00e7\u00e3o, falha em divulgar ou m\u00e1 conduta intencional do Afiliado.<\/p>\n\n\n\n<h2 class=\"wp-block-heading\" id=\"electronic-signatures-effective\">Assinaturas Eletr\u00f4nicas Eficazes<\/h2>\n\n\n\n<p>O Acordo \u00e9 um contrato eletr\u00f4nico que estabelece os termos legalmente vinculativos de sua participa\u00e7\u00e3o no programa de afiliados da ROAM.NET. Voc\u00ea indica sua aceita\u00e7\u00e3o deste Acordo e de todos os termos e condi\u00e7\u00f5es contidos ou referenciados neste Acordo completando o processo de inscri\u00e7\u00e3o da ROAM.NET. Esta a\u00e7\u00e3o cria uma assinatura eletr\u00f4nica que tem a mesma for\u00e7a e efeito legal que uma assinatura manuscrita.<\/p>\n","protected":false},"excerpt":{"rendered":"<p>Como um afiliado autorizado (Afiliado) da ROAM.NET, voc\u00ea concorda em seguir os termos e condi\u00e7\u00f5es contidos neste Acordo (Acordo). Por favor, leia todo o Acordo cuidadosamente antes de se registrar<\/p>\n","protected":false},"author":1,"featured_media":0,"parent":0,"menu_order":0,"comment_status":"closed","ping_status":"closed","template":"","meta":{"om_disable_all_campaigns":false,"_monsterinsights_skip_tracking":false,"_monsterinsights_sitenote_active":false,"_monsterinsights_sitenote_note":"","_monsterinsights_sitenote_category":0,"footnotes":""},"class_list":["post-9986","page","type-page","status-publish","hentry"],"aioseo_notices":[],"_links":{"self":[{"href":"https:\/\/clientescadabra.com.br\/roambackv3\/pt-br\/wp-json\/wp\/v2\/pages\/9986"}],"collection":[{"href":"https:\/\/clientescadabra.com.br\/roambackv3\/pt-br\/wp-json\/wp\/v2\/pages"}],"about":[{"href":"https:\/\/clientescadabra.com.br\/roambackv3\/pt-br\/wp-json\/wp\/v2\/types\/page"}],"author":[{"embeddable":true,"href":"https:\/\/clientescadabra.com.br\/roambackv3\/pt-br\/wp-json\/wp\/v2\/users\/1"}],"replies":[{"embeddable":true,"href":"https:\/\/clientescadabra.com.br\/roambackv3\/pt-br\/wp-json\/wp\/v2\/comments?post=9986"}],"version-history":[{"count":2,"href":"https:\/\/clientescadabra.com.br\/roambackv3\/pt-br\/wp-json\/wp\/v2\/pages\/9986\/revisions"}],"predecessor-version":[{"id":10042,"href":"https:\/\/clientescadabra.com.br\/roambackv3\/pt-br\/wp-json\/wp\/v2\/pages\/9986\/revisions\/10042"}],"wp:attachment":[{"href":"https:\/\/clientescadabra.com.br\/roambackv3\/pt-br\/wp-json\/wp\/v2\/media?parent=9986"}],"curies":[{"name":"wp","href":"https:\/\/api.w.org\/{rel}","templated":true}]}}