{"id":8104,"date":"2024-01-02T22:27:22","date_gmt":"2024-01-03T02:27:22","guid":{"rendered":"https:\/\/clientescadabra.com.br\/roambackv3\/product\/isla-de-man\/"},"modified":"2024-03-04T18:54:58","modified_gmt":"2024-03-04T22:54:58","slug":"isla-de-man","status":"publish","type":"product","link":"https:\/\/clientescadabra.com.br\/roambackv3\/es\/Producto\/isla-de-man\/","title":{"rendered":"ISLA DE MAN"},"content":{"rendered":"\t\t<div data-elementor-type=\"wp-post\" data-elementor-id=\"8104\" class=\"elementor elementor-8104 elementor-2711\">\n\t\t\t\t\t\t<section class=\"elementor-section elementor-top-section elementor-element elementor-element-479f5f71 elementor-section-boxed elementor-section-height-default elementor-section-height-default\" data-id=\"479f5f71\" data-element_type=\"section\">\n\t\t\t\t\t\t<div class=\"elementor-container elementor-column-gap-default\">\n\t\t\t\t\t<div class=\"elementor-column elementor-col-100 elementor-top-column elementor-element elementor-element-10143974\" data-id=\"10143974\" data-element_type=\"column\">\n\t\t\t<div class=\"elementor-widget-wrap elementor-element-populated\">\n\t\t\t\t\t\t<div class=\"elementor-element elementor-element-3acf716a elementor-widget elementor-widget-text-editor\" data-id=\"3acf716a\" data-element_type=\"widget\" data-widget_type=\"text-editor.default\">\n\t\t\t\t<div class=\"elementor-widget-container\">\n\t\t\t<style>\/*! elementor - v3.23.0 - 05-08-2024 *\/\n.elementor-widget-text-editor.elementor-drop-cap-view-stacked .elementor-drop-cap{background-color:#69727d;color:#fff}.elementor-widget-text-editor.elementor-drop-cap-view-framed .elementor-drop-cap{color:#69727d;border:3px solid;background-color:transparent}.elementor-widget-text-editor:not(.elementor-drop-cap-view-default) .elementor-drop-cap{margin-top:8px}.elementor-widget-text-editor:not(.elementor-drop-cap-view-default) .elementor-drop-cap-letter{width:1em;height:1em}.elementor-widget-text-editor .elementor-drop-cap{float:left;text-align:center;line-height:1;font-size:50px}.elementor-widget-text-editor .elementor-drop-cap-letter{display:inline-block}<\/style>\t\t\t\t<ul>\n<li>Comprueba si tu dispositivo es compatible con la tecnolog\u00eda eSIM.<\/li>\n<li>Disfruta de tu viaje con datos ilimitados.<\/li>\n<li>Recibe tu c\u00f3digo QR y con\u00e9ctate al instante.<\/li>\n<li>F\u00e1cil de instalar. Sin inscripciones ni suscripciones.<\/li>\n<li>Guarda tu n\u00famero de WhatsApp en el m\u00f3vil.<\/li>\n<li>Con\u00e9ctate a las mejores redes.<\/li>\n<li>Olv\u00eddate del roaming y de buscar redes WiFi p\u00fablicas.<\/li>\n<\/ul>\n\t\t\t\t\t\t<\/div>\n\t\t\t\t<\/div>\n\t\t\t\t\t<\/div>\n\t\t<\/div>\n\t\t\t\t\t<\/div>\n\t\t<\/section>\n\t\t\t\t<\/div>\n\t\t","protected":false},"excerpt":{"rendered":"<p>Comprueba si tu dispositivo es compatible con la tecnolog\u00eda eSIM. Disfruta de tu viaje con datos ilimitados. Recibe tu c\u00f3digo QR y con\u00e9ctate al instante. F\u00e1cil de instalar. Sin inscripciones<\/p>\n","protected":false},"featured_media":4640,"template":"","meta":{"om_disable_all_campaigns":false,"_monsterinsights_skip_tracking":false,"_monsterinsights_sitenote_active":false,"_monsterinsights_sitenote_note":"","_monsterinsights_sitenote_category":0},"product_cat":[122],"product_tag":[],"class_list":{"0":"post-8104","1":"product","2":"type-product","3":"status-publish","4":"has-post-thumbnail","6":"product_cat-europa-es","8":"first","9":"instock","10":"featured","11":"shipping-taxable","12":"purchasable","13":"product-type-variable"},"aioseo_notices":[],"_links":{"self":[{"href":"https:\/\/clientescadabra.com.br\/roambackv3\/es\/wp-json\/wp\/v2\/product\/8104"}],"collection":[{"href":"https:\/\/clientescadabra.com.br\/roambackv3\/es\/wp-json\/wp\/v2\/product"}],"about":[{"href":"https:\/\/clientescadabra.com.br\/roambackv3\/es\/wp-json\/wp\/v2\/types\/product"}],"version-history":[{"count":1,"href":"https:\/\/clientescadabra.com.br\/roambackv3\/es\/wp-json\/wp\/v2\/product\/8104\/revisions"}],"predecessor-version":[{"id":8150,"href":"https:\/\/clientescadabra.com.br\/roambackv3\/es\/wp-json\/wp\/v2\/product\/8104\/revisions\/8150"}],"wp:featuredmedia":[{"embeddable":true,"href":"https:\/\/clientescadabra.com.br\/roambackv3\/es\/wp-json\/wp\/v2\/media\/4640"}],"wp:attachment":[{"href":"https:\/\/clientescadabra.com.br\/roambackv3\/es\/wp-json\/wp\/v2\/media?parent=8104"}],"wp:term":[{"taxonomy":"product_cat","embeddable":true,"href":"https:\/\/clientescadabra.com.br\/roambackv3\/es\/wp-json\/wp\/v2\/product_cat?post=8104"},{"taxonomy":"product_tag","embeddable":true,"href":"https:\/\/clientescadabra.com.br\/roambackv3\/es\/wp-json\/wp\/v2\/product_tag?post=8104"}],"curies":[{"name":"wp","href":"https:\/\/api.w.org\/{rel}","templated":true}]}}